{"id":1182,"date":"2022-05-09T06:36:51","date_gmt":"2022-05-09T06:36:51","guid":{"rendered":"https:\/\/drpsy.eu\/?page_id=1182"},"modified":"2023-01-04T14:20:24","modified_gmt":"2023-01-04T14:20:24","slug":"1182-2","status":"publish","type":"page","link":"https:\/\/drpsy.eu\/goldenteacher\/1182-2\/","title":{"rendered":"Polityka Prywatno\u015bci \/ Obowi\u0105zek Informacyjny RODO"},"content":{"rendered":"<p style=\"text-align: center;\">Polityka Prywatno\u015bci \/ Obowi\u0105zek Informacyjny RODO<br \/>\u00a71[POSTANOWIENIA OG\u00d3LNE]<\/p>\n<p style=\"text-align: center;\">1. Niniejszy dokument okre\u015bla Polityk\u0119 Prywatno\u015bci sklepu drpsy.eu, kt\u00f3ra w szczeg\u00f3lno\u015bci<br \/>obejmuje <a href=\"https:\/\/drpsy.eu\/goldenteacher\/unia-europejska-wprowadza-regulacje-dotyczace-psychodelikow-w-2024\/\">regulacje<\/a> dotycz\u0105ce ochrony danych osobowych oraz bezpiecze\u0144stwa innych danych<br \/>wprowadzonych do Serwisu przez U\u017cytkownika.<br \/>2. Polityka Prywatno\u015bci stanowi integralny za\u0142\u0105cznik do Regulaminu.<\/p>\n<p style=\"text-align: center;\">\u00a72[DEFINICJE]<\/p>\n<p style=\"text-align: center;\">Terminy u\u017cyte w niniejszym dokumencie oznaczaj\u0105:<br \/>1. Administrator &#8211; Aneta Nowicka<\/p>\n<p style=\"text-align: center;\">ul. Chodkiewicza 6\/10<br \/>02-593 Warszawa<\/p>\n<p style=\"text-align: center;\"><br \/>Kontakt jest mo\u017cliwy poprzez:<br \/>e-mail: dr@drpsy.eu<br \/>2. Serwis &#8211; strona internetowa pod adresem https:\/\/drpsy.eu oraz wszelkie jej<br \/>podstrony,<br \/>3. Strony &#8211; Administrator i U\u017cytkownik,<br \/>4. U\u017cytkownik &#8211; osoba fizyczna, kt\u00f3ra korzysta z Serwisu i podaje w jego ramach swoje dane<br \/>osobowe.<\/p>\n<p style=\"text-align: center;\">\u00a73[<a href=\"https:\/\/drpsy.eu\/goldenteacher\/zasady-ochrony-danych-osobowych-i-cookies-na-stronie\/\">OCHRONA DANYCH OSOBOWYCH<\/a>]<\/p>\n<p style=\"text-align: center;\">1. Administrator jest Administratorem danych osobowych w rozumieniu rozporz\u0105dzenia o<br \/>ochronie danych osobowych z dnia 27 kwietnia 2016 r. (RODO).<br \/>2. Administrator przetwarza dane w zakresie, czasie i celach ka\u017cdorazowo wskazanych w<br \/>tre\u015bciach udost\u0119pnionych pod formularzami s\u0142u\u017c\u0105cymi do zbierania danych osobowych od<br \/>U\u017cytkownika.<br \/>3. Dane osobowe b\u0119d\u0105 przekazywane wy\u0142\u0105cznie zaufanym podwykonawcom Administratora, tj.<br \/>dostawcom us\u0142ug informatycznych, firmie ksi\u0119gowej, administracji.<\/p>\n<p style=\"text-align: center;\">\u00a74[UPRAWNIENIA U\u017bYTKOWNIKA]<\/p>\n<p style=\"text-align: center;\">1. W przypadku zmiany danych osobowych, U\u017cytkownik powinien uaktualni\u0107 je wysy\u0142aj\u0105c<br \/>stosown\u0105 wiadomo\u015b\u0107 do Administratora.<br \/>2. U\u017cytkownikowi przys\u0142uguje <a href=\"https:\/\/drpsy.eu\/goldenteacher\/ayahuasca-kontra-magiczne-grzyby-porownanie-substancji-psychodelicznych\/\">prawo<\/a> \u017c\u0105dania dost\u0119pu do tre\u015bci swoich danych osobowych, ich<br \/>sprostowania, usuni\u0119cia oraz <a href=\"https:\/\/drpsy.eu\/goldenteacher\/ayahuasca-kontra-magiczne-grzyby-porownanie-substancji-psychodelicznych\/\">prawo<\/a> do ograniczenia ich przetwarzania. Ponadto tak\u017ce <a href=\"https:\/\/drpsy.eu\/goldenteacher\/ayahuasca-kontra-magiczne-grzyby-porownanie-substancji-psychodelicznych\/\">prawo<\/a><br \/>do cofni\u0119cia zgody w dowolnym momencie bez wp\u0142ywu na zgodno\u015b\u0107 z prawem przetwarzania,<br \/><a href=\"https:\/\/drpsy.eu\/goldenteacher\/ayahuasca-kontra-magiczne-grzyby-porownanie-substancji-psychodelicznych\/\">prawo<\/a> do przenoszenia danych oraz <a href=\"https:\/\/drpsy.eu\/goldenteacher\/ayahuasca-kontra-magiczne-grzyby-porownanie-substancji-psychodelicznych\/\">prawo<\/a> do wniesienia sprzeciwu wobec przetwarzania<br \/>danych osobowych.<br \/>3. U\u017cytkownikowi przys\u0142uguje <a href=\"https:\/\/drpsy.eu\/goldenteacher\/ayahuasca-kontra-magiczne-grzyby-porownanie-substancji-psychodelicznych\/\">prawo<\/a> wniesienia skargi do Prezesa Urz\u0119du Ochrony Danych<br \/>Osobowych.<br \/>4. Podanie danych osobowych jest dobrowolne, jednak\u017ce brak wyra\u017cenia zgody na przetwarzanie<br \/>danych uniemo\u017cliwia korzystanie z Serwisu.<br \/>5. Administrator mo\u017ce odm\u00f3wi\u0107 usuni\u0119cia danych osobowych U\u017cytkownika, je\u017celi zachowanie<br \/>danych osobowych jest konieczne ze wzgl\u0119du na obowi\u0105zek na\u0142o\u017cony na Administratora przez<br \/>przepisy prawa.<\/p>\n<p style=\"text-align: center;\">\u00a75[TECHNICZNA OCHRONA DANYCH]<\/p>\n<p style=\"text-align: center;\">1. Administrator wykorzystuje wszelkie techniczne i organizacyjne sposoby, by zapewni\u0107<br \/><a href=\"https:\/\/drpsy.eu\/goldenteacher\/badania-uc-san-diego-ostrzegaja-przed-nieuregulowanymi-grzybami-halucynogennymi\/\">bezpiecze\u0144stwo<\/a> danym osobowym U\u017cytkownika i chroni\u0107 je przed przypadkowym lub celowym<br \/>zniszczeniem, przypadkow\u0105 utrat\u0105, modyfikacj\u0105, nieautoryzowanym ujawnieniem lub<br \/>dost\u0119pem. Informacje s\u0105 przechowywane i przetwarzane na serwerach o wysokim stopniu<br \/>zabezpiecze\u0144, z zachowaniem odpowiednich \u015brodk\u00f3w bezpiecze\u0144stwa, spe\u0142niaj\u0105cych wymogi<br \/>polskiego prawa.<br \/>2. Administrator zobowi\u0105zuje si\u0119 do przechowywania kopii bezpiecze\u0144stwa zawieraj\u0105cych dane<br \/>osobowe U\u017cytkownika.<br \/>3. Powierzone dane s\u0105 sk\u0142adowane na najwy\u017cszej klasy sprz\u0119cie i serwerach w odpowiednio<br \/>zabezpieczonych centrach przechowywania informacji, do kt\u00f3rych dost\u0119p maj\u0105 tylko<br \/>upowa\u017cnione osoby.<br \/>4. Administrator przeprowadza czynno\u015bci zwi\u0105zane z przetwarzaniem danych osobowych z<br \/>poszanowaniem wszystkich wymog\u00f3w prawnych i technicznych na\u0142o\u017conych na niego przez<br \/>przepisy dotycz\u0105ce ochrony danych osobowych.<\/p>\n<p style=\"text-align: center;\">\u00a76[POLITYKA COOKIES]<\/p>\n<p style=\"text-align: center;\">1. Dla wygody U\u017cytkownik\u00f3w Serwis u\u017cywa plik\u00f3w cookies m.in. w celu dostosowania serwisu do<br \/>potrzeb u\u017cytkownik\u00f3w oraz w celach statystycznych. Cookies to niewielkie pliki tekstowe<br \/>wysy\u0142ane przez serwis internetowy, kt\u00f3ry odwiedza internauta, do urz\u0105dzenia internauty.<br \/>2. W ramach Serwisu stosowane s\u0105 dwa typy plik\u00f3w cookies: &#8222;sesyjne (session cookies) oraz<br \/>&#8222;sta\u0142e&#8221; (persistent cookies). Cookies &#8222;sesyjne&#8221; s\u0105 plikami tymczasowymi, kt\u00f3re przechowywane<br \/>s\u0105 w urz\u0105dzeniu ko\u0144cowym U\u017cytkownika do czasu wylogowania, opuszczenia strony<br \/>internetowej lub wy\u0142\u0105czenia oprogramowania (przegl\u0105darki internetowej). Sta\u0142e&#8221; <a href=\"https:\/\/drpsy.eu\/goldenteacher\/zasady-ochrony-danych-osobowych-i-cookies-na-stronie\/\">pliki cookies<\/a><br \/>przechowywane s\u0105 w urz\u0105dzeniu ko\u0144cowym U\u017cytkownika przez czas okre\u015blony w parametrach<br \/>plik\u00f3w cookies lub do czasu ich usuni\u0119cia przez U\u017cytkownika.<br \/>3. W Serwisie wykorzystujemy nast\u0119puj\u0105ce rodzaje plik\u00f3w Cookies:<br \/>a. &#8222;niezb\u0119dne&#8221; &#8211; umo\u017cliwiaj\u0105 korzystanie z us\u0142ug dost\u0119pnych w ramach Serwisu, np.<br \/>wykorzystywane przy obs\u0142udze autoryzacji u\u017cytkownik\u00f3w,<br \/><a href=\"https:\/\/drpsy.eu\/goldenteacher\/growkit-b-instrukcja\/\">b<\/a>. &#8222;zabezpieczaj\u0105ce&#8221; &#8211; s\u0142u\u017c\u0105 do zapewnienia bezpiecze\u0144stwa, np. wykorzystywane do<br \/>wykrywania nadu\u017cy\u0107 w zakresie korzystania z us\u0142ug Serwisu,<br \/>c. &#8222;wydajno\u015bciowe&#8221; &#8211; umo\u017cliwiaj\u0105 <a href=\"https:\/\/drpsy.eu\/goldenteacher\/halucynogenne-grzyby-w-polsce-lokalizacje-i-metody-zbierania\/\">zbieranie<\/a> informacji o sposobie korzystania z Serwisu,<br \/>d. &#8222;funkcjonalne&#8221; &#8211; umo\u017cliwiaj\u0105 zapami\u0119tanie wybranych przez U\u017cytkownika ustawie\u0144 i<br \/>personalizacj\u0119 interfejsu U\u017cytkownika, np. w zakresie wybranego j\u0119zyka lub regionu, z<br \/>kt\u00f3rego pochodzi U\u017cytkownik, rozmiaru czcionki, wygl\u0105du Serwisu itp.<\/p>\n<p style=\"text-align: center;\">\u00a77[LOGI]<\/p>\n<p style=\"text-align: center;\">1. Zgodnie z praktyk\u0105 wi\u0119kszo\u015bci serwis\u00f3w www przechowujemy zapytania HTTP kierowane do<br \/>naszego serwera (logi serwera). W zwi\u0105zku z powy\u017cszym przechowujemy:<br \/>a. adresy IP, z kt\u00f3rych u\u017cytkownicy przegl\u0105daj\u0105 tre\u015bci informacyjne naszego serwisu;<br \/><a href=\"https:\/\/drpsy.eu\/goldenteacher\/growkit-b-instrukcja\/\">b<\/a>. czas nadej\u015bcia zapytania,<br \/>c. czas wys\u0142ania odpowiedzi,<br \/>d. nazw\u0119 stacji klienta &#8211; identyfikacja realizowana przez protok\u00f3\u0142 HTTP,<br \/>e. informacje o b\u0142\u0119dach jakie nast\u0105pi\u0142y przy realizacji transakcji HTTP,<br \/>f. adres URL strony poprzednio odwiedzanej przez u\u017cytkownika (referer link),<br \/>g. informacje o przegl\u0105darce u\u017cytkownika.<br \/>2. Dane gromadzone w dziennikach log\u00f3w, dane s\u0105 wykorzystywane tylko i wy\u0142\u0105cznie do cel\u00f3w<br \/>administrowania Serwisem.<br \/>3. Zebrane logi przechowywane s\u0105 przez czas nieokre\u015blony jako materia\u0142 pomocniczy s\u0142u\u017c\u0105cy do<br \/>administrowania Serwisem. Informacje w nich zawarte nie s\u0105 ujawniane nikomu poza osobami<br \/>upowa\u017cnionymi do administrowania Serwisem. Na podstawie plik\u00f3w log\u00f3w mog\u0105 by\u0107<br \/>generowane statystyki stanowi\u0105ce pomoc w administrowaniu. Zbiorcze podsumowania w<br \/>postaci takich statystyk nie zawieraj\u0105 \u017cadnych cech identyfikuj\u0105cych osoby odwiedzaj\u0105ce<br \/>serwis.<\/p>\n<p style=\"text-align: center;\">\u00a78[KONTAKT]<\/p>\n<p style=\"text-align: center;\">1. U\u017cytkownik mo\u017ce w dowolnym czasie skontaktowa\u0107 si\u0119 z Administratorem w celu uzyskania<br \/>informacji o tym, czy i w jaki spos\u00f3b Administrator wykorzystuje jego dane osobowe.<br \/>2. U\u017cytkownik mo\u017ce r\u00f3wnie\u017c zwr\u00f3ci\u0107 si\u0119 do Administratora z pro\u015bb\u0105 o usuni\u0119cie jego danych<br \/>osobowych w ca\u0142o\u015bci lub w okre\u015blonej cz\u0119\u015bci.<br \/>3. Z Administratorem mo\u017cna skontaktowa\u0107 si\u0119 wysy\u0142aj\u0105c wiadomo\u015b\u0107 na adres e-mail: dr@drpsy.eu<\/p>\n\n\n<figure class=\"wp-block-image\"><a href=\"https:\/\/drpsy.eu\/wp-admin\/edit.php?post_type=page\"><img decoding=\"async\" src=\"https:\/\/drpsy.eu\/wp-content\/uploads\/2022\/02\/favicon2.png\" alt=\"Ikona witryny\" title=\"Golden Teacher\"><\/a><\/figure>\n","protected":false},"excerpt":{"rendered":"<p>Polityka Prywatno\u015bci \/ Obowi\u0105zek Informacyjny RODO\u00a71[POSTANOWIENIA OG\u00d3LNE] 1. Niniejszy dokument okre\u015bla Polityk\u0119 Prywatno\u015bci sklepu drpsy.eu, kt\u00f3ra w szczeg\u00f3lno\u015bciobejmuje regulacje dotycz\u0105ce ochrony danych osobowych oraz bezpiecze\u0144stwa innych danychwprowadzonych do Serwisu przez U\u017cytkownika.2. Polityka Prywatno\u015bci stanowi integralny za\u0142\u0105cznik do Regulaminu. \u00a72[DEFINICJE] Terminy u\u017cyte w niniejszym dokumencie oznaczaj\u0105:1. Administrator &#8211; Aneta Nowicka ul. Chodkiewicza 6\/1002-593 Warszawa Kontakt jest [&hellip;]<\/p>\n","protected":false},"author":990003,"featured_media":0,"parent":0,"menu_order":0,"comment_status":"closed","ping_status":"closed","template":"","meta":{"footnotes":""},"class_list":["post-1182","page","type-page","status-publish","hentry"],"_links":{"self":[{"href":"https:\/\/drpsy.eu\/goldenteacher\/wp-json\/wp\/v2\/pages\/1182","targetHints":{"allow":["GET"]}}],"collection":[{"href":"https:\/\/drpsy.eu\/goldenteacher\/wp-json\/wp\/v2\/pages"}],"about":[{"href":"https:\/\/drpsy.eu\/goldenteacher\/wp-json\/wp\/v2\/types\/page"}],"author":[{"embeddable":true,"href":"https:\/\/drpsy.eu\/goldenteacher\/wp-json\/wp\/v2\/users\/990003"}],"replies":[{"embeddable":true,"href":"https:\/\/drpsy.eu\/goldenteacher\/wp-json\/wp\/v2\/comments?post=1182"}],"version-history":[{"count":5,"href":"https:\/\/drpsy.eu\/goldenteacher\/wp-json\/wp\/v2\/pages\/1182\/revisions"}],"predecessor-version":[{"id":2075,"href":"https:\/\/drpsy.eu\/goldenteacher\/wp-json\/wp\/v2\/pages\/1182\/revisions\/2075"}],"wp:attachment":[{"href":"https:\/\/drpsy.eu\/goldenteacher\/wp-json\/wp\/v2\/media?parent=1182"}],"curies":[{"name":"wp","href":"https:\/\/api.w.org\/{rel}","templated":true}]}}