{"id":259,"date":"2016-07-06T12:46:22","date_gmt":"2016-07-06T12:46:22","guid":{"rendered":"http:\/\/mushroom-farm.ancorathemes.com\/?page_id=259"},"modified":"2022-05-13T09:35:59","modified_gmt":"2022-05-13T09:35:59","slug":"mikrodozowanie-grzybow-psylocybinowych","status":"publish","type":"page","link":"https:\/\/drpsy.eu\/goldenteacher\/mikrodozowanie-grzybow-psylocybinowych\/","title":{"rendered":"Mikrodozowanie"},"content":{"rendered":"<div class=\"wpb-content-wrapper\"><p>[vc_row][vc_column css=&#8221;.vc_custom_1468933855088{margin-bottom: 0.9rem !important;}&#8221;]<div id=\"sc_services_1713978122_wrap\" class=\"sc_services_wrap\"><div id=\"sc_services_1713978122\" class=\"sc_services sc_services_style_services-5 sc_services_type_icons  mushroom_img margin_top_large margin_bottom_large\" style=\"width:100%;\"><h5 class=\"sc_services_title sc_item_title\">Korzy\u015bci zdrowotne z mikrodozowania grzyb\u00f3w psylocybinowych<\/h5><div class=\"sc_services_descr sc_item_descr\">Nie ma jeszcze wielu formalnych bada\u0144 nad t\u0105 praktyk\u0105, cz\u0119\u015bciowo dlatego, \u017ce wi\u0119kszo\u015b\u0107 substancji, kt\u00f3re ludzie mikrodawkuj\u0105, jest nielegalna i trudna do zbadania.<\/div><div class=\"sc_service_container sc_align_\"><div class=\"sc_services_image\"><img decoding=\"async\" src=\"https:\/\/drpsy.eu\/goldenteacher\/wp-content\/uploads\/2022\/04\/drpsy-mikrodozowanie-grzybow-psylocybinowych.jpg\" alt=\"golden teacher\" title=\"Golden Teacher\"><\/div><div class=\"sc_columns columns_wrap\"><div class=\"column-1_2 column_padding_bottom\">\t\t\t<div id=\"sc_services_1713978122_1\"\t\t\t\tclass=\"sc_services_item sc_services_item_1 odd first\"\n\t\t\t\t>\n\t\t\t\t<a href=\"https:\/\/drpsy.eu\/goldenteacher\/services\/poprawia-zdrowie-psychiczne\/\"><span class=\"sc_icon icon-book-open\"><\/span><\/a>\t\t\t\t<div class=\"sc_services_item_content\">\n\t\t\t\t\t<h4 class=\"sc_services_item_title\"><a href=\"https:\/\/drpsy.eu\/goldenteacher\/services\/poprawia-zdrowie-psychiczne\/\">Poprawia zdrowie psychiczne<\/a><\/h4>\n\t\t\t\t\t<div class=\"sc_services_item_description\">\n\t\t\t\t\t\t<p>Zmniejszenie stresu i niepokoju oraz z\u0142agodzenie objaw\u00f3w depresji.<\/p>\t\t\t\t\t<\/div>\n\t\t\t\t<\/div>\n\t\t\t<\/div>\n\t\t<\/div><div class=\"column-1_2 column_padding_bottom\">\t\t\t<div id=\"sc_services_1713978122_2\"\t\t\t\tclass=\"sc_services_item sc_services_item_2 even\"\n\t\t\t\t>\n\t\t\t\t<a href=\"https:\/\/drpsy.eu\/goldenteacher\/services\/poprawa-funkcjonalnosci-mozgu\/\"><span class=\"sc_icon icon-book-open\"><\/span><\/a>\t\t\t\t<div class=\"sc_services_item_content\">\n\t\t\t\t\t<h4 class=\"sc_services_item_title\"><a href=\"https:\/\/drpsy.eu\/goldenteacher\/services\/poprawa-funkcjonalnosci-mozgu\/\">Poprawia funkcjonowanie m\u00f3zgu<\/a><\/h4>\n\t\t\t\t\t<div class=\"sc_services_item_description\">\n\t\t\t\t\t\t<p>Pozwala m\u00f3zgowi dzia\u0142a\u0107 z pe\u0142nym potencja\u0142em i otwiera\u0107 na nowe pomys\u0142y<\/p>\t\t\t\t\t<\/div>\n\t\t\t\t<\/div>\n\t\t\t<\/div>\n\t\t<\/div><div class=\"column-1_2 column_padding_bottom\">\t\t\t<div id=\"sc_services_1713978122_3\"\t\t\t\tclass=\"sc_services_item sc_services_item_3 odd\"\n\t\t\t\t>\n\t\t\t\t<a href=\"https:\/\/drpsy.eu\/goldenteacher\/services\/wzmacnia-system-odpornosciowy\/\"><span class=\"sc_icon icon-book-open\"><\/span><\/a>\t\t\t\t<div class=\"sc_services_item_content\">\n\t\t\t\t\t<h4 class=\"sc_services_item_title\"><a href=\"https:\/\/drpsy.eu\/goldenteacher\/services\/wzmacnia-system-odpornosciowy\/\">Wzmacnia uk\u0142ad odporno\u015bciowy<\/a><\/h4>\n\t\t\t\t\t<div class=\"sc_services_item_description\">\n\t\t\t\t\t\t<p>Grzyby psylocybinowe stosuje si\u0119 g\u0142\u00f3wnie do wzmacniania uk\u0142adu odporno\u015bciowego i podniesienia witalno\u015bci organizmu ludzkiego<\/p>\t\t\t\t\t<\/div>\n\t\t\t\t<\/div>\n\t\t\t<\/div>\n\t\t<\/div><div class=\"column-1_2 column_padding_bottom\">\t\t\t<div id=\"sc_services_1713978122_4\"\t\t\t\tclass=\"sc_services_item sc_services_item_4 even\"\n\t\t\t\t>\n\t\t\t\t<a href=\"https:\/\/drpsy.eu\/goldenteacher\/services\/ulepszona-kreatywnosc\/\"><span class=\"sc_icon icon-book-open\"><\/span><\/a>\t\t\t\t<div class=\"sc_services_item_content\">\n\t\t\t\t\t<h4 class=\"sc_services_item_title\"><a href=\"https:\/\/drpsy.eu\/goldenteacher\/services\/ulepszona-kreatywnosc\/\">Ulepszona kreatywno\u015b\u0107<\/a><\/h4>\n\t\t\t\t\t<div class=\"sc_services_item_description\">\n\t\t\t\t\t\t<p>Jednym z korzystnych czynnik\u00f3w grzyb\u00f3w o dzia\u0142aniu psychodelicznym jest elastyczno\u015b\u0107 poznawcza.<\/p>\t\t\t\t\t<\/div>\n\t\t\t\t<\/div>\n\t\t\t<\/div>\n\t\t<\/div><div class=\"column-1_2 column_padding_bottom\">\t\t\t<div id=\"sc_services_1713978122_5\"\t\t\t\tclass=\"sc_services_item sc_services_item_5 odd\"\n\t\t\t\t>\n\t\t\t\t<a href=\"https:\/\/drpsy.eu\/goldenteacher\/services\/pomaga-rzucic-inne-nawyki\/\"><span class=\"sc_icon icon-book-open\"><\/span><\/a>\t\t\t\t<div class=\"sc_services_item_content\">\n\t\t\t\t\t<h4 class=\"sc_services_item_title\"><a href=\"https:\/\/drpsy.eu\/goldenteacher\/services\/pomaga-rzucic-inne-nawyki\/\">Pomaga rzuci\u0107 inne nawyki<\/a><\/h4>\n\t\t\t\t\t<div class=\"sc_services_item_description\">\n\t\t\t\t\t\t<p>Mo\u017ce pom\u00f3c ludziom rzuci\u0107 inne nawyki, takie jak palenie papieros\u00f3w lub picie alkoholu.<\/p>\t\t\t\t\t<\/div>\n\t\t\t\t<\/div>\n\t\t\t<\/div>\n\t\t<\/div><div class=\"column-1_2 column_padding_bottom\">\t\t\t<div id=\"sc_services_1713978122_6\"\t\t\t\tclass=\"sc_services_item sc_services_item_6 even\"\n\t\t\t\t>\n\t\t\t\t<a href=\"https:\/\/drpsy.eu\/goldenteacher\/services\/zmniejszanie-depresji-i-leku\/\"><span class=\"sc_icon icon-book-open\"><\/span><\/a>\t\t\t\t<div class=\"sc_services_item_content\">\n\t\t\t\t\t<h4 class=\"sc_services_item_title\"><a href=\"https:\/\/drpsy.eu\/goldenteacher\/services\/zmniejszanie-depresji-i-leku\/\">Zmniejszona depresja i l\u0119k<\/a><\/h4>\n\t\t\t\t\t<div class=\"sc_services_item_description\">\n\t\t\t\t\t\t<p>Znacz\u0105co poprawia jako\u015b\u0107 \u017cycia os\u00f3b cierpi\u0105cych na zesp\u00f3\u0142 stresu pourazowego poprzez zwi\u0119kszenie poziomu serotoniny w m\u00f3zgu<\/p>\t\t\t\t\t<\/div>\n\t\t\t\t<\/div>\n\t\t\t<\/div>\n\t\t<\/div><\/div><\/div><\/div><!-- \/.sc_services --><\/div><!-- \/.sc_services_wrap -->[\/vc_column][\/vc_row][vc_row full_width=&#8221;stretch_row&#8221; inverse=&#8221;yes&#8221; css=&#8221;.vc_custom_1651557989746{background-image: url(https:\/\/drpsy.eu\/wp-content\/uploads\/2022\/04\/drpsy-Psilocybin-Mushroom-Spores-slider1.jpg?id=911) !important;}&#8221;][vc_column css=&#8221;.vc_custom_1469621423359{margin-bottom: 0.2rem !important;}&#8221;]<div id=\"sc_testimonials_229793950\" class=\"sc_testimonials sc_testimonials_style_testimonials-2  white_blog margin_top_large margin_bottom_large\" style=\"width:100%;\"><h5 class=\"sc_testimonials_title sc_item_title\">Opowie\u015bci o grzybach<\/h5><div class=\"sc_testimonials_descr sc_item_descr\">cytaty z maili i z Facebooka<\/div><div class=\"sc_slider_swiper swiper-slider-container sc_slider_pagination sc_slider_pagination_bottom sc_slider_nocontrols\" data-interval=\"9914\" data-slides-min-width=\"250\"><div class=\"slides swiper-wrapper\"><div class=\"swiper-slide\" data-style=\"width:100%;\" style=\"width:100%;\">\t\t\t<div id=\"sc_testimonials_229793950_1\" class=\"sc_testimonial_item\">\n\t\t\t\t<div class=\"sc_testimonial_content\"><p>Ta firma jest niesamowita! Mo\u017cna znale\u017a\u0107 tu mn\u00f3stwo przydatnych informacji na temat growkit\u00f3w i uzyska\u0107 fachow\u0105 porad\u0119 od ekspert\u00f3w w dziedzinie hodowli grzyb\u00f3w! Dobra robota.<\/p>\n<\/div>\n\t\t\t\t\t\t\t\t<div class=\"sc_testimonial_author\"><span class=\"sc_testimonial_author_name\">Anonimowy cz\u0142onek grupy na FB<\/span><\/div>\n\t\t\t\t\t\t\t<\/div>\n\t\t<\/div><div class=\"swiper-slide\" data-style=\"width:100%;\" style=\"width:100%;\">\t\t\t<div id=\"sc_testimonials_229793950_2\" class=\"sc_testimonial_item\">\n\t\t\t\t<div class=\"sc_testimonial_content\"><p>Kilka tygodni temu za pomaca growboxa zacz\u0105\u0142em hodowa\u0107 grzyby Golden Teacher. Niesamowite zbiory. Czego\u015b takiego jeszcze nie widzia\u0142em nigdy. My\u015bla\u0142em \u017ce b\u0119d\u0119 musia\u0142 zamawia\u0107 raz na miesi\u0105c a tu rzut kt\u00f3ry wystarczy mi na p\u00f3\u0142 roku conajmniej<\/p>\n<\/div>\n\t\t\t\t\t\t\t\t<div class=\"sc_testimonial_author\"><span class=\"sc_testimonial_author_name\">Karol z grupy na FB<\/span><\/div>\n\t\t\t\t\t\t\t<\/div>\n\t\t<\/div><div class=\"swiper-slide\" data-style=\"width:100%;\" style=\"width:100%;\">\t\t\t<div id=\"sc_testimonials_229793950_3\" class=\"sc_testimonial_item\">\n\t\t\t\t<div class=\"sc_testimonial_content\"><p>Dzi\u0119kuj\u0119 za wszystkie informacje na temat mikrodozowania. Ciesz\u0119 \u017ce u mnie ta terapia jest w pe\u0142ni legalna. Modl\u0119 si\u0119 aby tak by\u0142o na ca\u0142ym \u015awiecie<\/p>\n<\/div>\n\t\t\t\t\t\t\t\t<div class=\"sc_testimonial_author\"><span class=\"sc_testimonial_author_name\">Justyna wiadomo\u015b\u0107 mailowa<\/span><\/div>\n\t\t\t\t\t\t\t<\/div>\n\t\t<\/div><\/div><div class=\"sc_slider_controls_wrap\"><a class=\"sc_slider_prev\" href=\"#\"><\/a><a class=\"sc_slider_next\" href=\"#\"><\/a><\/div><div class=\"sc_slider_pagination_wrap\"><\/div><\/div><\/div>[\/vc_column][\/vc_row][vc_row][vc_column css=&#8221;.vc_custom_1468996898707{margin-bottom: 0.4rem !important;}&#8221;]<div id=\"sc_services_1621981242_wrap\" class=\"sc_services_wrap\"><div id=\"sc_services_1621981242\" class=\"sc_services sc_services_style_services-1 sc_services_type_icons  margin_bottom_huge\" style=\"width:100%;\"><h5 class=\"sc_services_title sc_item_title\">Dlaczego warto nas wybra\u0107?<\/h5><div class=\"sc_services_descr sc_item_descr\">Zarodniki grzyb\u00f3w psylocybinowych najwy\u017cszej jako\u015bci growkitach obj\u0119te 100% gwarancj\u0105 satysfakcji klienta!<\/div><div class=\"sc_columns columns_wrap\"><div class=\"column-1_3 column_padding_bottom\">\t\t\t<div id=\"sc_services_1621981242_1\"\t\t\t\tclass=\"sc_services_item sc_services_item_1 odd first\"\n\t\t\t\t>\n\t\t\t\t<a href=\"https:\/\/drpsy.eu\/goldenteacher\/services\/zadowoleni-klienci\/\"><span class=\"sc_icon icon-6\"><\/span><\/a>\t\t\t\t<div class=\"sc_services_item_content\">\n\t\t\t\t\t<h4 class=\"sc_services_item_title\"><a href=\"https:\/\/drpsy.eu\/goldenteacher\/services\/zadowoleni-klienci\/\">Zadowoleni klienci<\/a><\/h4>\n\t\t\t\t\t<div class=\"sc_services_item_description\">\n\t\t\t\t\t\t<p>Wa\u017cne jest, aby mie\u0107 do dyspozycji tylko najczystsze pr\u00f3bki zarodnik\u00f3w psylocybiny, kt\u00f3re mo\u017cna odpowiednio przebada\u0107, i to jest dok\u0142adnie to, co...<\/p>\t\t\t\t\t<\/div>\n\t\t\t\t<\/div>\n\t\t\t<\/div>\n\t\t<\/div><div class=\"column-1_3 column_padding_bottom\">\t\t\t<div id=\"sc_services_1621981242_2\"\t\t\t\tclass=\"sc_services_item sc_services_item_2 even\"\n\t\t\t\t>\n\t\t\t\t<a href=\"https:\/\/drpsy.eu\/goldenteacher\/services\/certyfikowana-genetyka-zarodnikow-grzybow\/\"><span class=\"sc_icon icon-7\"><\/span><\/a>\t\t\t\t<div class=\"sc_services_item_content\">\n\t\t\t\t\t<h4 class=\"sc_services_item_title\"><a href=\"https:\/\/drpsy.eu\/goldenteacher\/services\/certyfikowana-genetyka-zarodnikow-grzybow\/\">Certyfikowana genetyka zarodnik\u00f3w<\/a><\/h4>\n\t\t\t\t\t<div class=\"sc_services_item_description\">\n\t\t\t\t\t\t<p>Zesp\u00f3\u0142 DrPsy zaopatruje si\u0119 wy\u0142\u0105cznie w certyfikowane genetyki zarodnik\u00f3w psilocybe cubensis do wszystkich naszych growkit\u00f3w.<\/p>\t\t\t\t\t<\/div>\n\t\t\t\t<\/div>\n\t\t\t<\/div>\n\t\t<\/div><div class=\"column-1_3 column_padding_bottom\">\t\t\t<div id=\"sc_services_1621981242_3\"\t\t\t\tclass=\"sc_services_item sc_services_item_3 odd\"\n\t\t\t\t>\n\t\t\t\t<a href=\"https:\/\/drpsy.eu\/goldenteacher\/services\/szybka-dyskretna-niezawodna-wysylka\/\"><span class=\"sc_icon icon-8\"><\/span><\/a>\t\t\t\t<div class=\"sc_services_item_content\">\n\t\t\t\t\t<h4 class=\"sc_services_item_title\"><a href=\"https:\/\/drpsy.eu\/goldenteacher\/services\/szybka-dyskretna-niezawodna-wysylka\/\">Szybka, dyskretna, niezawodna wysy\u0142ka<\/a><\/h4>\n\t\t\t\t\t<div class=\"sc_services_item_description\">\n\t\t\t\t\t\t<p>Do wszystkich naszych wysy\u0142ek u\u017cywamy wy\u0142\u0105cznie firmy InPosta Paczkomaty lub lod\u00f3wkomaty. Firma ta jest najbardziej wiarygodnym dostawc\u0105...<\/p>\t\t\t\t\t<\/div>\n\t\t\t\t<\/div>\n\t\t\t<\/div>\n\t\t<\/div><\/div><div class=\"sc_services_button sc_item_button\"><a href=\"\/sklep\/\" class=\"sc_button sc_button_square sc_button_style_filled sc_button_size_medium\">KUP TERAZ<\/a><\/div><\/div><!-- \/.sc_services --><\/div><!-- \/.sc_services_wrap -->[\/vc_column][\/vc_row]<\/p>\n<\/div>","protected":false},"excerpt":{"rendered":"<p>[vc_row][vc_column css=&#8221;.vc_custom_1468933855088{margin-bottom: 0.9rem !important;}&#8221;][\/vc_column][\/vc_row][vc_row full_width=&#8221;stretch_row&#8221; inverse=&#8221;yes&#8221; css=&#8221;.vc_custom_1651557989746{background-image: url(https:\/\/drpsy.eu\/wp-content\/uploads\/2022\/04\/drpsy-Psilocybin-Mushroom-Spores-slider1.jpg?id=911) !important;}&#8221;][vc_column css=&#8221;.vc_custom_1469621423359{margin-bottom: 0.2rem !important;}&#8221;][\/vc_column][\/vc_row][vc_row][vc_column css=&#8221;.vc_custom_1468996898707{margin-bottom: 0.4rem !important;}&#8221;][\/vc_column][\/vc_row]<\/p>\n","protected":false},"author":990003,"featured_media":0,"parent":0,"menu_order":0,"comment_status":"closed","ping_status":"closed","template":"","meta":{"footnotes":""},"class_list":["post-259","page","type-page","status-publish","hentry"],"_links":{"self":[{"href":"https:\/\/drpsy.eu\/goldenteacher\/wp-json\/wp\/v2\/pages\/259","targetHints":{"allow":["GET"]}}],"collection":[{"href":"https:\/\/drpsy.eu\/goldenteacher\/wp-json\/wp\/v2\/pages"}],"about":[{"href":"https:\/\/drpsy.eu\/goldenteacher\/wp-json\/wp\/v2\/types\/page"}],"author":[{"embeddable":true,"href":"https:\/\/drpsy.eu\/goldenteacher\/wp-json\/wp\/v2\/users\/990003"}],"replies":[{"embeddable":true,"href":"https:\/\/drpsy.eu\/goldenteacher\/wp-json\/wp\/v2\/comments?post=259"}],"version-history":[{"count":5,"href":"https:\/\/drpsy.eu\/goldenteacher\/wp-json\/wp\/v2\/pages\/259\/revisions"}],"predecessor-version":[{"id":1212,"href":"https:\/\/drpsy.eu\/goldenteacher\/wp-json\/wp\/v2\/pages\/259\/revisions\/1212"}],"wp:attachment":[{"href":"https:\/\/drpsy.eu\/goldenteacher\/wp-json\/wp\/v2\/media?parent=259"}],"curies":[{"name":"wp","href":"https:\/\/api.w.org\/{rel}","templated":true}]}}